{"id":752,"date":"2025-03-20T13:41:20","date_gmt":"2025-03-20T12:41:20","guid":{"rendered":"https:\/\/domainesp.wine\/chateau-labegorce-margaux\/"},"modified":"2025-03-31T22:33:05","modified_gmt":"2025-03-31T20:33:05","slug":"chateau-labegorce-margaux","status":"publish","type":"page","link":"https:\/\/domainesp.wine\/en\/chateau-labegorce-margaux\/","title":{"rendered":"Ch\u00e2teau Labegorce Margaux"},"content":{"rendered":"\t\t<div data-elementor-type=\"wp-page\" data-elementor-id=\"752\" class=\"elementor elementor-752 elementor-119\">\n\t\t\t\t<div class=\"elementor-element elementor-element-d357ce0 animated-slow e-flex e-con-boxed elementor-invisible e-con e-parent\" data-id=\"d357ce0\" data-element_type=\"container\" data-e-type=\"container\" data-settings=\"{&quot;background_background&quot;:&quot;classic&quot;,&quot;animation&quot;:&quot;fadeIn&quot;}\">\n\t\t\t\t\t<div class=\"e-con-inner\">\n\t\t\t\t\t<\/div>\n\t\t\t\t<\/div>\n\t\t<div class=\"elementor-element elementor-element-ad1b960 e-flex e-con-boxed e-con e-parent\" data-id=\"ad1b960\" data-element_type=\"container\" data-e-type=\"container\">\n\t\t\t\t\t<div class=\"e-con-inner\">\n\t\t\t\t<div class=\"elementor-element elementor-element-59973e3 elementor-widget elementor-widget-spacer\" data-id=\"59973e3\" data-element_type=\"widget\" data-e-type=\"widget\" data-widget_type=\"spacer.default\">\n\t\t\t\t<div class=\"elementor-widget-container\">\n\t\t\t\t\t\t\t<div class=\"elementor-spacer\">\n\t\t\t<div class=\"elementor-spacer-inner\"><\/div>\n\t\t<\/div>\n\t\t\t\t\t\t<\/div>\n\t\t\t\t<\/div>\n\t\t\t\t<div class=\"elementor-element elementor-element-e9d0f9e bordure elementor-widget elementor-widget-heading\" data-id=\"e9d0f9e\" data-element_type=\"widget\" data-e-type=\"widget\" data-widget_type=\"heading.default\">\n\t\t\t\t<div class=\"elementor-widget-container\">\n\t\t\t\t\t<h1 class=\"elementor-heading-title elementor-size-default\">Ch\u00e2teau Labegorce MArgaux<\/h1>\t\t\t\t<\/div>\n\t\t\t\t<\/div>\n\t\t\t\t<div class=\"elementor-element elementor-element-d4f8d23 elementor-widget elementor-widget-heading\" data-id=\"d4f8d23\" data-element_type=\"widget\" data-e-type=\"widget\" data-widget_type=\"heading.default\">\n\t\t\t\t<div class=\"elementor-widget-container\">\n\t\t\t\t\t<h2 class=\"elementor-heading-title elementor-size-default\">Margaux<\/h2>\t\t\t\t<\/div>\n\t\t\t\t<\/div>\n\t\t\t\t<div class=\"elementor-element elementor-element-69e8e8c elementor-widget elementor-widget-spacer\" data-id=\"69e8e8c\" data-element_type=\"widget\" data-e-type=\"widget\" data-widget_type=\"spacer.default\">\n\t\t\t\t<div class=\"elementor-widget-container\">\n\t\t\t\t\t\t\t<div class=\"elementor-spacer\">\n\t\t\t<div class=\"elementor-spacer-inner\"><\/div>\n\t\t<\/div>\n\t\t\t\t\t\t<\/div>\n\t\t\t\t<\/div>\n\t\t<div class=\"elementor-element elementor-element-2dee6de e-con-full e-flex e-con e-child\" data-id=\"2dee6de\" data-element_type=\"container\" data-e-type=\"container\" data-settings=\"{&quot;background_background&quot;:&quot;video&quot;,&quot;background_video_link&quot;:&quot;https:\\\/\\\/vimeo.com\\\/1068902706&quot;,&quot;background_play_on_mobile&quot;:&quot;yes&quot;}\">\n\t\t<div class=\"elementor-background-video-container\">\n\t\t\t\t\t\t\t<div class=\"elementor-background-video-embed\" role=\"presentation\"><\/div>\n\t\t\t\t\t\t<\/div>\t\t<\/div>\n\t\t\t\t<div class=\"elementor-element elementor-element-e329840 elementor-widget elementor-widget-spacer\" data-id=\"e329840\" data-element_type=\"widget\" data-e-type=\"widget\" data-widget_type=\"spacer.default\">\n\t\t\t\t<div class=\"elementor-widget-container\">\n\t\t\t\t\t\t\t<div class=\"elementor-spacer\">\n\t\t\t<div class=\"elementor-spacer-inner\"><\/div>\n\t\t<\/div>\n\t\t\t\t\t\t<\/div>\n\t\t\t\t<\/div>\n\t\t\t\t\t<\/div>\n\t\t\t\t<\/div>\n\t\t<div class=\"elementor-element elementor-element-105e3af e-flex e-con-boxed e-con e-parent\" data-id=\"105e3af\" data-element_type=\"container\" data-e-type=\"container\">\n\t\t\t\t\t<div class=\"e-con-inner\">\n\t\t<div class=\"elementor-element elementor-element-d96d294 e-con-full e-flex e-con e-child\" data-id=\"d96d294\" data-element_type=\"container\" data-e-type=\"container\">\n\t\t\t\t<div class=\"elementor-element elementor-element-934a970 elementor-widget elementor-widget-text-editor\" data-id=\"934a970\" data-element_type=\"widget\" data-e-type=\"widget\" data-widget_type=\"text-editor.default\">\n\t\t\t\t<div class=\"elementor-widget-container\">\n\t\t\t\t\t\t\t\t\t<h4>LABEGORCE<\/h4><h5><em>Since 1332<\/em><\/h5><p>In \u2018the thorny shrub\u2019 that the etymology of \u201cgorsse\u201d proffers for the splendid vineyards of Lab\u00e9gorce today, generations of lords and farmers have succeeded in shaping the identity of the estate.<\/p><p>A vision was also needed, an intuition that reveals the great potential of a territory through the ambition that the vision carries. Hubert Perrodo\u2019s great vision in 1989 centred on the tradition of those who had loved this land over the centuries.\u2028Therefore, more than two hundred years after the division of the property in three parts (Lab\u00e9gorce Margaux, Lab\u00e9gorce Z\u00e9d\u00e9 and L\u2019abb\u00e9 Gorsse de Gorsse which only lives on today as the family home), he has overcome the crazy challenge of putting them back together.<\/p><p>The symbiosis of Lab\u00e9gorce and Lab\u00e9gorce Z\u00e9d\u00e9 is self-evident, the new Lab\u00e9gorce (since the 2009 vintage) offers a lively fruit flavoured palette, extensive, rich, complex, smooth, lined with delicate tannins and great finesse.\u2028Today his daughter Nathalie Perrodo Samani is responsible for the estate on behalf of her family. <\/p>\t\t\t\t\t\t\t\t<\/div>\n\t\t\t\t<\/div>\n\t\t\t\t<div class=\"elementor-element elementor-element-8e2fed5 elementor-widget elementor-widget-spacer\" data-id=\"8e2fed5\" data-element_type=\"widget\" data-e-type=\"widget\" data-widget_type=\"spacer.default\">\n\t\t\t\t<div class=\"elementor-widget-container\">\n\t\t\t\t\t\t\t<div class=\"elementor-spacer\">\n\t\t\t<div class=\"elementor-spacer-inner\"><\/div>\n\t\t<\/div>\n\t\t\t\t\t\t<\/div>\n\t\t\t\t<\/div>\n\t\t\t\t<\/div>\n\t\t<div class=\"elementor-element elementor-element-c739da1 e-con-full e-flex e-con e-child\" data-id=\"c739da1\" data-element_type=\"container\" data-e-type=\"container\">\n\t\t\t\t<div class=\"elementor-element elementor-element-1ad79c6 elementor-invisible elementor-widget elementor-widget-image\" data-id=\"1ad79c6\" data-element_type=\"widget\" data-e-type=\"widget\" data-settings=\"{&quot;_animation&quot;:&quot;fadeIn&quot;,&quot;_animation_delay&quot;:300}\" data-widget_type=\"image.default\">\n\t\t\t\t<div class=\"elementor-widget-container\">\n\t\t\t\t\t\t\t\t\t\t\t\t\t\t\t<img fetchpriority=\"high\" decoding=\"async\" width=\"460\" height=\"646\" src=\"https:\/\/domainesp.wine\/wp-content\/uploads\/2025\/03\/labegorce-bouteille.webp\" class=\"attachment-large size-large wp-image-663\" alt=\"\" srcset=\"https:\/\/domainesp.wine\/wp-content\/uploads\/2025\/03\/labegorce-bouteille.webp 460w, https:\/\/domainesp.wine\/wp-content\/uploads\/2025\/03\/labegorce-bouteille-214x300.webp 214w\" sizes=\"(max-width: 460px) 100vw, 460px\" \/>\t\t\t\t\t\t\t\t\t\t\t\t\t\t\t<\/div>\n\t\t\t\t<\/div>\n\t\t\t\t<\/div>\n\t\t\t\t\t<\/div>\n\t\t\t\t<\/div>\n\t\t<div class=\"elementor-element elementor-element-d7e9e07 e-flex e-con-boxed e-con e-parent\" data-id=\"d7e9e07\" data-element_type=\"container\" data-e-type=\"container\">\n\t\t\t\t\t<div class=\"e-con-inner\">\n\t\t<div class=\"elementor-element elementor-element-8869be7 e-con-full e-flex e-con e-child\" data-id=\"8869be7\" data-element_type=\"container\" data-e-type=\"container\">\n\t\t\t\t<div class=\"elementor-element elementor-element-9a8c451 elementor-invisible elementor-widget elementor-widget-image\" data-id=\"9a8c451\" data-element_type=\"widget\" data-e-type=\"widget\" data-settings=\"{&quot;_animation&quot;:&quot;fadeIn&quot;,&quot;_animation_delay&quot;:300}\" data-widget_type=\"image.default\">\n\t\t\t\t<div class=\"elementor-widget-container\">\n\t\t\t\t\t\t\t\t\t\t\t\t\t\t\t<img decoding=\"async\" width=\"729\" height=\"1024\" src=\"https:\/\/domainesp.wine\/wp-content\/uploads\/2025\/03\/labegorce-tasting-729x1024.webp\" class=\"attachment-large size-large wp-image-664\" alt=\"\" srcset=\"https:\/\/domainesp.wine\/wp-content\/uploads\/2025\/03\/labegorce-tasting-729x1024.webp 729w, https:\/\/domainesp.wine\/wp-content\/uploads\/2025\/03\/labegorce-tasting-214x300.webp 214w, https:\/\/domainesp.wine\/wp-content\/uploads\/2025\/03\/labegorce-tasting-768x1079.webp 768w, https:\/\/domainesp.wine\/wp-content\/uploads\/2025\/03\/labegorce-tasting.webp 920w\" sizes=\"(max-width: 729px) 100vw, 729px\" \/>\t\t\t\t\t\t\t\t\t\t\t\t\t\t\t<\/div>\n\t\t\t\t<\/div>\n\t\t\t\t<\/div>\n\t\t<div class=\"elementor-element elementor-element-298a3b5 e-con-full e-flex e-con e-child\" data-id=\"298a3b5\" data-element_type=\"container\" data-e-type=\"container\">\n\t\t\t\t<div class=\"elementor-element elementor-element-98bec0c elementor-widget elementor-widget-text-editor\" data-id=\"98bec0c\" data-element_type=\"widget\" data-e-type=\"widget\" data-widget_type=\"text-editor.default\">\n\t\t\t\t<div class=\"elementor-widget-container\">\n\t\t\t\t\t\t\t\t\t<h4>Labegorce in a few words&#8230;<\/h4><p><strong>A wine from the heart<br><\/strong>Lab\u00e9gorce is a beloved estate where wine has been made for centuries. A place where other people matter and a wine that brings people together. For 30 years the Perrodo family have built their memories here : having fun together, going on bike rides, playing polo&#8230;   <\/p><p><strong>Following in the footsteps of the great Margaux wines<br><\/strong>Often compared to a cru class\u00e9 thanks to the quality of its wines and its illustrious neighbours (Margaux, Lascombes, Malescot, Marquis d\u2019Alesme), Lab\u00e9gorce suffered from family squabbles when the wine classification was established in 1855. \u2028Today, harmony has been restored. <\/p><p><strong>700 years of history<br><\/strong>The combination of the historic Margaux terroir, established in 1332, and the forward-thinking vision of Hubert Perrodo in 1989, elevated the vineyard to a superior level of quality. Notably, this great captain was striving to restore the estate\u2019s lost harmony and achieve the ambitious goal of reuniting the estate, which two centuries ago had been divided into three. Since the 2009 vintage, the estate&#8217;s wines have been reunited in a single bottle, with the estate&#8217;s second wine now being called Z\u00e9d\u00e9 de Lab\u00e9gorce.   <\/p>\t\t\t\t\t\t\t\t<\/div>\n\t\t\t\t<\/div>\n\t\t\t\t<\/div>\n\t\t\t\t\t<\/div>\n\t\t\t\t<\/div>\n\t\t<div class=\"elementor-element elementor-element-621da78 e-flex e-con-boxed e-con e-parent\" data-id=\"621da78\" data-element_type=\"container\" data-e-type=\"container\">\n\t\t\t\t\t<div class=\"e-con-inner\">\n\t\t\t\t<div class=\"elementor-element elementor-element-64a74b4 elementor-widget elementor-widget-spacer\" data-id=\"64a74b4\" data-element_type=\"widget\" data-e-type=\"widget\" data-widget_type=\"spacer.default\">\n\t\t\t\t<div class=\"elementor-widget-container\">\n\t\t\t\t\t\t\t<div class=\"elementor-spacer\">\n\t\t\t<div class=\"elementor-spacer-inner\"><\/div>\n\t\t<\/div>\n\t\t\t\t\t\t<\/div>\n\t\t\t\t<\/div>\n\t\t\t\t<div class=\"elementor-element elementor-element-a5c68a9 elementor-widget__width-initial elementor-widget elementor-widget-image\" data-id=\"a5c68a9\" data-element_type=\"widget\" data-e-type=\"widget\" data-widget_type=\"image.default\">\n\t\t\t\t<div class=\"elementor-widget-container\">\n\t\t\t\t\t\t\t\t\t\t\t\t\t\t\t<img decoding=\"async\" width=\"150\" height=\"150\" src=\"https:\/\/domainesp.wine\/wp-content\/uploads\/2025\/03\/capsule-labegorce-150x150.webp\" class=\"attachment-thumbnail size-thumbnail wp-image-659\" alt=\"\" srcset=\"https:\/\/domainesp.wine\/wp-content\/uploads\/2025\/03\/capsule-labegorce-150x150.webp 150w, https:\/\/domainesp.wine\/wp-content\/uploads\/2025\/03\/capsule-labegorce-300x300.webp 300w, https:\/\/domainesp.wine\/wp-content\/uploads\/2025\/03\/capsule-labegorce-768x768.webp 768w, https:\/\/domainesp.wine\/wp-content\/uploads\/2025\/03\/capsule-labegorce.webp 892w\" sizes=\"(max-width: 150px) 100vw, 150px\" \/>\t\t\t\t\t\t\t\t\t\t\t\t\t\t\t<\/div>\n\t\t\t\t<\/div>\n\t\t\t\t<div class=\"elementor-element elementor-element-9b66a77 elementor-align-center elementor-widget elementor-widget-button\" data-id=\"9b66a77\" data-element_type=\"widget\" data-e-type=\"widget\" data-widget_type=\"button.default\">\n\t\t\t\t<div class=\"elementor-widget-container\">\n\t\t\t\t\t\t\t\t\t<div class=\"elementor-button-wrapper\">\n\t\t\t\t\t<a class=\"elementor-button elementor-button-link elementor-size-sm\" href=\"https:\/\/www.labegorce.com\/\" target=\"_blank\">\n\t\t\t\t\t\t<span class=\"elementor-button-content-wrapper\">\n\t\t\t\t\t\t\t\t\t<span class=\"elementor-button-text\">Visit the website<\/span>\n\t\t\t\t\t<\/span>\n\t\t\t\t\t<\/a>\n\t\t\t\t<\/div>\n\t\t\t\t\t\t\t\t<\/div>\n\t\t\t\t<\/div>\n\t\t\t\t\t<\/div>\n\t\t\t\t<\/div>\n\t\t\t\t<\/div>\n\t\t","protected":false},"excerpt":{"rendered":"<p>Ch\u00e2teau Labegorce MArgaux Margaux LABEGORCE Since 1332 In \u2018the thorny shrub\u2019 that the etymology of \u201cgorsse\u201d proffers for the splendid vineyards of Lab\u00e9gorce today, generations of lords and farmers have succeeded in shaping the identity of the estate. A vision was also needed, an intuition that reveals the great potential of a territory through the [&hellip;]<\/p>\n","protected":false},"author":1,"featured_media":0,"parent":0,"menu_order":0,"comment_status":"closed","ping_status":"closed","template":"elementor_header_footer","meta":{"footnotes":""},"class_list":["post-752","page","type-page","status-publish","hentry"],"_links":{"self":[{"href":"https:\/\/domainesp.wine\/en\/wp-json\/wp\/v2\/pages\/752","targetHints":{"allow":["GET"]}}],"collection":[{"href":"https:\/\/domainesp.wine\/en\/wp-json\/wp\/v2\/pages"}],"about":[{"href":"https:\/\/domainesp.wine\/en\/wp-json\/wp\/v2\/types\/page"}],"author":[{"embeddable":true,"href":"https:\/\/domainesp.wine\/en\/wp-json\/wp\/v2\/users\/1"}],"replies":[{"embeddable":true,"href":"https:\/\/domainesp.wine\/en\/wp-json\/wp\/v2\/comments?post=752"}],"version-history":[{"count":2,"href":"https:\/\/domainesp.wine\/en\/wp-json\/wp\/v2\/pages\/752\/revisions"}],"predecessor-version":[{"id":779,"href":"https:\/\/domainesp.wine\/en\/wp-json\/wp\/v2\/pages\/752\/revisions\/779"}],"wp:attachment":[{"href":"https:\/\/domainesp.wine\/en\/wp-json\/wp\/v2\/media?parent=752"}],"curies":[{"name":"wp","href":"https:\/\/api.w.org\/{rel}","templated":true}]}}