{"id":754,"date":"2025-03-20T14:32:48","date_gmt":"2025-03-20T13:32:48","guid":{"rendered":"https:\/\/domainesp.wine\/chateau-marquis-dalesme-becker\/"},"modified":"2025-12-17T14:51:53","modified_gmt":"2025-12-17T13:51:53","slug":"chateau-marquis-dalesme-becker","status":"publish","type":"page","link":"https:\/\/domainesp.wine\/en\/chateau-marquis-dalesme-becker\/","title":{"rendered":"Ch\u00e2teau Marquis d&#8217;Alesme Becker"},"content":{"rendered":"\t\t<div data-elementor-type=\"wp-page\" data-elementor-id=\"754\" class=\"elementor elementor-754 elementor-204\">\n\t\t\t\t<div class=\"elementor-element elementor-element-243a58f e-flex e-con-boxed elementor-invisible e-con e-parent\" data-id=\"243a58f\" data-element_type=\"container\" data-e-type=\"container\" data-settings=\"{&quot;background_background&quot;:&quot;classic&quot;,&quot;animation&quot;:&quot;fadeIn&quot;,&quot;animation_delay&quot;:500}\">\n\t\t\t\t\t<div class=\"e-con-inner\">\n\t\t\t\t\t<\/div>\n\t\t\t\t<\/div>\n\t\t<div class=\"elementor-element elementor-element-dccd93e e-flex e-con-boxed e-con e-parent\" data-id=\"dccd93e\" data-element_type=\"container\" data-e-type=\"container\">\n\t\t\t\t\t<div class=\"e-con-inner\">\n\t\t\t\t<div class=\"elementor-element elementor-element-1c4bbf9 elementor-widget elementor-widget-spacer\" data-id=\"1c4bbf9\" data-element_type=\"widget\" data-e-type=\"widget\" data-widget_type=\"spacer.default\">\n\t\t\t\t<div class=\"elementor-widget-container\">\n\t\t\t\t\t\t\t<div class=\"elementor-spacer\">\n\t\t\t<div class=\"elementor-spacer-inner\"><\/div>\n\t\t<\/div>\n\t\t\t\t\t\t<\/div>\n\t\t\t\t<\/div>\n\t\t\t\t<div class=\"elementor-element elementor-element-2ff16dd bordure elementor-widget elementor-widget-heading\" data-id=\"2ff16dd\" data-element_type=\"widget\" data-e-type=\"widget\" data-widget_type=\"heading.default\">\n\t\t\t\t<div class=\"elementor-widget-container\">\n\t\t\t\t\t<h1 class=\"elementor-heading-title elementor-size-default\">Ch\u00e2teau Marquis d'Alesme Becker<\/h1>\t\t\t\t<\/div>\n\t\t\t\t<\/div>\n\t\t\t\t<div class=\"elementor-element elementor-element-70e3440 elementor-widget elementor-widget-heading\" data-id=\"70e3440\" data-element_type=\"widget\" data-e-type=\"widget\" data-widget_type=\"heading.default\">\n\t\t\t\t<div class=\"elementor-widget-container\">\n\t\t\t\t\t<h2 class=\"elementor-heading-title elementor-size-default\">Margaux<\/h2>\t\t\t\t<\/div>\n\t\t\t\t<\/div>\n\t\t\t\t<div class=\"elementor-element elementor-element-a91e670 elementor-widget elementor-widget-spacer\" data-id=\"a91e670\" data-element_type=\"widget\" data-e-type=\"widget\" data-widget_type=\"spacer.default\">\n\t\t\t\t<div class=\"elementor-widget-container\">\n\t\t\t\t\t\t\t<div class=\"elementor-spacer\">\n\t\t\t<div class=\"elementor-spacer-inner\"><\/div>\n\t\t<\/div>\n\t\t\t\t\t\t<\/div>\n\t\t\t\t<\/div>\n\t\t<div class=\"elementor-element elementor-element-64dc54e e-con-full e-flex e-con e-child\" data-id=\"64dc54e\" data-element_type=\"container\" data-e-type=\"container\" data-settings=\"{&quot;background_background&quot;:&quot;video&quot;,&quot;background_video_link&quot;:&quot;https:\\\/\\\/vimeo.com\\\/1068903805&quot;,&quot;background_play_on_mobile&quot;:&quot;yes&quot;}\">\n\t\t<div class=\"elementor-background-video-container\">\n\t\t\t\t\t\t\t<div class=\"elementor-background-video-embed\" role=\"presentation\"><\/div>\n\t\t\t\t\t\t<\/div>\t\t<\/div>\n\t\t\t\t<div class=\"elementor-element elementor-element-33fe80a elementor-widget elementor-widget-spacer\" data-id=\"33fe80a\" data-element_type=\"widget\" data-e-type=\"widget\" data-widget_type=\"spacer.default\">\n\t\t\t\t<div class=\"elementor-widget-container\">\n\t\t\t\t\t\t\t<div class=\"elementor-spacer\">\n\t\t\t<div class=\"elementor-spacer-inner\"><\/div>\n\t\t<\/div>\n\t\t\t\t\t\t<\/div>\n\t\t\t\t<\/div>\n\t\t\t\t\t<\/div>\n\t\t\t\t<\/div>\n\t\t<div class=\"elementor-element elementor-element-6ab82b9 e-flex e-con-boxed e-con e-parent\" data-id=\"6ab82b9\" data-element_type=\"container\" data-e-type=\"container\">\n\t\t\t\t\t<div class=\"e-con-inner\">\n\t\t<div class=\"elementor-element elementor-element-9a1e4ac e-con-full e-flex e-con e-child\" data-id=\"9a1e4ac\" data-element_type=\"container\" data-e-type=\"container\">\n\t\t\t\t<div class=\"elementor-element elementor-element-7bc83f1 elementor-widget elementor-widget-text-editor\" data-id=\"7bc83f1\" data-element_type=\"widget\" data-e-type=\"widget\" data-widget_type=\"text-editor.default\">\n\t\t\t\t<div class=\"elementor-widget-container\">\n\t\t\t\t\t\t\t\t\t<h4>Marquis d&#8217;Alesme Becker<\/h4><h5><em>Since 1616<\/em><\/h5><p>At the heart of the Bordeaux region \u2013 precisely in Margaux \u2013 there is a wine that is a world in its own right. A unique combination of an outstanding terroir, centuries-old tradition and modern innovation, Marquis d\u2019Alesme is not only a great wine but also a singular vision of contemporary luxury. <\/p><p>Each vintage is the result of the purest vine-growing tradition, and yet Bordeaux has never seemed so exotic. Ever since the eighteenth century, Marquis d\u2019Alesme has made Bordeaux a place of culture and passion. <\/p><p>Under the watchful eye of a family, this wine full of character brings the Orient and the West together. Dragon scales and moon gates stand alongside columns and arcades in perfect harmony. \u2028A sea of vines stretches before us, with the Rising sun on its horizon. A dreamlike utopia begins to emerge. The pleasure of the senses vies with aesthetic enjoyment.   <\/p><p>A Grand Cru becomes an experience.<br><\/p>\t\t\t\t\t\t\t\t<\/div>\n\t\t\t\t<\/div>\n\t\t\t\t<div class=\"elementor-element elementor-element-b641d0a elementor-widget elementor-widget-spacer\" data-id=\"b641d0a\" data-element_type=\"widget\" data-e-type=\"widget\" data-widget_type=\"spacer.default\">\n\t\t\t\t<div class=\"elementor-widget-container\">\n\t\t\t\t\t\t\t<div class=\"elementor-spacer\">\n\t\t\t<div class=\"elementor-spacer-inner\"><\/div>\n\t\t<\/div>\n\t\t\t\t\t\t<\/div>\n\t\t\t\t<\/div>\n\t\t\t\t<\/div>\n\t\t<div class=\"elementor-element elementor-element-a655d4d e-con-full e-flex e-con e-child\" data-id=\"a655d4d\" data-element_type=\"container\" data-e-type=\"container\">\n\t\t\t\t<div class=\"elementor-element elementor-element-163a680 elementor-invisible elementor-widget elementor-widget-image\" data-id=\"163a680\" data-element_type=\"widget\" data-e-type=\"widget\" data-settings=\"{&quot;_animation&quot;:&quot;fadeIn&quot;}\" data-widget_type=\"image.default\">\n\t\t\t\t<div class=\"elementor-widget-container\">\n\t\t\t\t\t\t\t\t\t\t\t\t\t\t\t<img fetchpriority=\"high\" decoding=\"async\" width=\"690\" height=\"969\" src=\"https:\/\/domainesp.wine\/wp-content\/uploads\/2025\/03\/Chateau-Marquis-02.webp\" class=\"attachment-large size-large wp-image-686\" alt=\"\" srcset=\"https:\/\/domainesp.wine\/wp-content\/uploads\/2025\/03\/Chateau-Marquis-02.webp 690w, https:\/\/domainesp.wine\/wp-content\/uploads\/2025\/03\/Chateau-Marquis-02-214x300.webp 214w\" sizes=\"(max-width: 690px) 100vw, 690px\" \/>\t\t\t\t\t\t\t\t\t\t\t\t\t\t\t<\/div>\n\t\t\t\t<\/div>\n\t\t\t\t<\/div>\n\t\t\t\t\t<\/div>\n\t\t\t\t<\/div>\n\t\t<div class=\"elementor-element elementor-element-461b919 e-flex e-con-boxed e-con e-parent\" data-id=\"461b919\" data-element_type=\"container\" data-e-type=\"container\">\n\t\t\t\t\t<div class=\"e-con-inner\">\n\t\t<div class=\"elementor-element elementor-element-7418a15 e-con-full e-flex e-con e-child\" data-id=\"7418a15\" data-element_type=\"container\" data-e-type=\"container\">\n\t\t\t\t<div class=\"elementor-element elementor-element-69046ab elementor-invisible elementor-widget elementor-widget-image\" data-id=\"69046ab\" data-element_type=\"widget\" data-e-type=\"widget\" data-settings=\"{&quot;_animation&quot;:&quot;fadeIn&quot;}\" data-widget_type=\"image.default\">\n\t\t\t\t<div class=\"elementor-widget-container\">\n\t\t\t\t\t\t\t\t\t\t\t\t\t\t\t<img decoding=\"async\" width=\"611\" height=\"1024\" src=\"https:\/\/domainesp.wine\/wp-content\/uploads\/2025\/03\/Chateau-Marquis-03-611x1024.webp\" class=\"attachment-large size-large wp-image-688\" alt=\"\" srcset=\"https:\/\/domainesp.wine\/wp-content\/uploads\/2025\/03\/Chateau-Marquis-03-611x1024.webp 611w, https:\/\/domainesp.wine\/wp-content\/uploads\/2025\/03\/Chateau-Marquis-03-179x300.webp 179w, https:\/\/domainesp.wine\/wp-content\/uploads\/2025\/03\/Chateau-Marquis-03.webp 692w\" sizes=\"(max-width: 611px) 100vw, 611px\" \/>\t\t\t\t\t\t\t\t\t\t\t\t\t\t\t<\/div>\n\t\t\t\t<\/div>\n\t\t\t\t<\/div>\n\t\t<div class=\"elementor-element elementor-element-bb07234 e-con-full e-flex e-con e-child\" data-id=\"bb07234\" data-element_type=\"container\" data-e-type=\"container\">\n\t\t\t\t<div class=\"elementor-element elementor-element-8c5d94b elementor-widget elementor-widget-text-editor\" data-id=\"8c5d94b\" data-element_type=\"widget\" data-e-type=\"widget\" data-widget_type=\"text-editor.default\">\n\t\t\t\t<div class=\"elementor-widget-container\">\n\t\t\t\t\t\t\t\t\t<h4>Marquis d\u2019Alesme in a few words\u2026<\/h4><p><strong>An understated treasure<\/strong><br>Marquis d\u2019Alesme is an estate covering (only) 15 hectares.\u2028Its wine is a 3\u00e8me Grand Cru Class\u00e9 1855, and its heart is located in the centre of the village of Margaux, following on from the Ch\u00e2teau Margaux bridle path.\u2028It\u2019s a world-wine made without compromise: an \u201chaute couture\u201d creation that dates back to the rebirth of the estate in 2006. Winegrowers who are masters of their craft take the time to tend the vines as they would a garden. Their work is entirely bespoke: vine by vine, batch by batch, gravity-feeding and finally ageing the wine in the calm darkness of the cellar alcoves.<\/p><p><strong>An Outstanding location<\/strong><br>The estate, reinvented after a five-year refurbishment programme (2013-2018), is a dreamlike setting where the pleasure of the senses vies with aesthetic enjoyment.<\/p><p><strong>A towfold culture<\/strong><br>It\u2019s a world apart. As far back as the 18th century, the estate was characterised by a taste for the exotic and the cosmopolitan thanks to the open-mindedness and adventurous spirit of Jean Bekker-Teerlink. Today, the twofold culture of Perrodo family once again brings East and West together.<\/p>\t\t\t\t\t\t\t\t<\/div>\n\t\t\t\t<\/div>\n\t\t\t\t<\/div>\n\t\t\t\t\t<\/div>\n\t\t\t\t<\/div>\n\t\t<div class=\"elementor-element elementor-element-f94e438 e-flex e-con-boxed e-con e-parent\" data-id=\"f94e438\" data-element_type=\"container\" data-e-type=\"container\">\n\t\t\t\t\t<div class=\"e-con-inner\">\n\t\t\t\t<div class=\"elementor-element elementor-element-f914996 elementor-widget elementor-widget-spacer\" data-id=\"f914996\" data-element_type=\"widget\" data-e-type=\"widget\" data-widget_type=\"spacer.default\">\n\t\t\t\t<div class=\"elementor-widget-container\">\n\t\t\t\t\t\t\t<div class=\"elementor-spacer\">\n\t\t\t<div class=\"elementor-spacer-inner\"><\/div>\n\t\t<\/div>\n\t\t\t\t\t\t<\/div>\n\t\t\t\t<\/div>\n\t\t\t\t<div class=\"elementor-element elementor-element-7a2500f elementor-widget__width-initial elementor-widget elementor-widget-image\" data-id=\"7a2500f\" data-element_type=\"widget\" data-e-type=\"widget\" data-widget_type=\"image.default\">\n\t\t\t\t<div class=\"elementor-widget-container\">\n\t\t\t\t\t\t\t\t\t\t\t\t\t\t\t<img decoding=\"async\" width=\"144\" height=\"143\" src=\"https:\/\/domainesp.wine\/wp-content\/uploads\/2025\/03\/capsule-marquis-dalesme.png\" class=\"attachment-thumbnail size-thumbnail wp-image-681\" alt=\"\" \/>\t\t\t\t\t\t\t\t\t\t\t\t\t\t\t<\/div>\n\t\t\t\t<\/div>\n\t\t\t\t<div class=\"elementor-element elementor-element-78884bf elementor-align-center elementor-widget elementor-widget-button\" data-id=\"78884bf\" data-element_type=\"widget\" data-e-type=\"widget\" data-widget_type=\"button.default\">\n\t\t\t\t<div class=\"elementor-widget-container\">\n\t\t\t\t\t\t\t\t\t<div class=\"elementor-button-wrapper\">\n\t\t\t\t\t<a class=\"elementor-button elementor-button-link elementor-size-sm\" href=\"https:\/\/www.marquisdalesme.wine\/\" target=\"_blank\">\n\t\t\t\t\t\t<span class=\"elementor-button-content-wrapper\">\n\t\t\t\t\t\t\t\t\t<span class=\"elementor-button-text\">Visit website<\/span>\n\t\t\t\t\t<\/span>\n\t\t\t\t\t<\/a>\n\t\t\t\t<\/div>\n\t\t\t\t\t\t\t\t<\/div>\n\t\t\t\t<\/div>\n\t\t\t\t\t<\/div>\n\t\t\t\t<\/div>\n\t\t\t\t<\/div>\n\t\t","protected":false},"excerpt":{"rendered":"<p>Ch\u00e2teau Marquis d&#8217;Alesme Becker Margaux Marquis d&#8217;Alesme Becker Since 1616 At the heart of the Bordeaux region \u2013 precisely in Margaux \u2013 there is a wine that is a world in its own right. A unique combination of an outstanding terroir, centuries-old tradition and modern innovation, Marquis d\u2019Alesme is not only a great wine but [&hellip;]<\/p>\n","protected":false},"author":1,"featured_media":0,"parent":0,"menu_order":0,"comment_status":"closed","ping_status":"closed","template":"elementor_header_footer","meta":{"footnotes":""},"class_list":["post-754","page","type-page","status-publish","hentry"],"_links":{"self":[{"href":"https:\/\/domainesp.wine\/en\/wp-json\/wp\/v2\/pages\/754","targetHints":{"allow":["GET"]}}],"collection":[{"href":"https:\/\/domainesp.wine\/en\/wp-json\/wp\/v2\/pages"}],"about":[{"href":"https:\/\/domainesp.wine\/en\/wp-json\/wp\/v2\/types\/page"}],"author":[{"embeddable":true,"href":"https:\/\/domainesp.wine\/en\/wp-json\/wp\/v2\/users\/1"}],"replies":[{"embeddable":true,"href":"https:\/\/domainesp.wine\/en\/wp-json\/wp\/v2\/comments?post=754"}],"version-history":[{"count":4,"href":"https:\/\/domainesp.wine\/en\/wp-json\/wp\/v2\/pages\/754\/revisions"}],"predecessor-version":[{"id":924,"href":"https:\/\/domainesp.wine\/en\/wp-json\/wp\/v2\/pages\/754\/revisions\/924"}],"wp:attachment":[{"href":"https:\/\/domainesp.wine\/en\/wp-json\/wp\/v2\/media?parent=754"}],"curies":[{"name":"wp","href":"https:\/\/api.w.org\/{rel}","templated":true}]}}