{"id":756,"date":"2025-03-20T20:35:19","date_gmt":"2025-03-20T19:35:19","guid":{"rendered":"https:\/\/domainesp.wine\/chateau-la-tour-de-mons\/"},"modified":"2025-03-31T22:06:00","modified_gmt":"2025-03-31T20:06:00","slug":"chateau-la-tour-de-mons","status":"publish","type":"page","link":"https:\/\/domainesp.wine\/en\/chateau-la-tour-de-mons\/","title":{"rendered":"Ch\u00e2teau La Tour de Mons"},"content":{"rendered":"\t\t<div data-elementor-type=\"wp-page\" data-elementor-id=\"756\" class=\"elementor elementor-756 elementor-395\">\n\t\t\t\t<div class=\"elementor-element elementor-element-2e06fad e-flex e-con-boxed e-con e-parent\" data-id=\"2e06fad\" data-element_type=\"container\" data-e-type=\"container\" data-settings=\"{&quot;background_background&quot;:&quot;classic&quot;}\">\n\t\t\t\t\t<div class=\"e-con-inner\">\n\t\t\t\t\t<\/div>\n\t\t\t\t<\/div>\n\t\t<div class=\"elementor-element elementor-element-c4ee288 e-flex e-con-boxed e-con e-parent\" data-id=\"c4ee288\" data-element_type=\"container\" data-e-type=\"container\">\n\t\t\t\t\t<div class=\"e-con-inner\">\n\t\t\t\t<div class=\"elementor-element elementor-element-38f0a8a elementor-widget elementor-widget-spacer\" data-id=\"38f0a8a\" data-element_type=\"widget\" data-e-type=\"widget\" data-widget_type=\"spacer.default\">\n\t\t\t\t<div class=\"elementor-widget-container\">\n\t\t\t\t\t\t\t<div class=\"elementor-spacer\">\n\t\t\t<div class=\"elementor-spacer-inner\"><\/div>\n\t\t<\/div>\n\t\t\t\t\t\t<\/div>\n\t\t\t\t<\/div>\n\t\t\t\t<div class=\"elementor-element elementor-element-7c59070 bordure elementor-widget elementor-widget-heading\" data-id=\"7c59070\" data-element_type=\"widget\" data-e-type=\"widget\" data-widget_type=\"heading.default\">\n\t\t\t\t<div class=\"elementor-widget-container\">\n\t\t\t\t\t<h1 class=\"elementor-heading-title elementor-size-default\">Ch\u00e2teau LA Tour de Mons<\/h1>\t\t\t\t<\/div>\n\t\t\t\t<\/div>\n\t\t\t\t<div class=\"elementor-element elementor-element-56a3742 elementor-widget elementor-widget-heading\" data-id=\"56a3742\" data-element_type=\"widget\" data-e-type=\"widget\" data-widget_type=\"heading.default\">\n\t\t\t\t<div class=\"elementor-widget-container\">\n\t\t\t\t\t<h2 class=\"elementor-heading-title elementor-size-default\">Margaux<\/h2>\t\t\t\t<\/div>\n\t\t\t\t<\/div>\n\t\t\t\t<div class=\"elementor-element elementor-element-bf789b2 elementor-widget elementor-widget-spacer\" data-id=\"bf789b2\" data-element_type=\"widget\" data-e-type=\"widget\" data-widget_type=\"spacer.default\">\n\t\t\t\t<div class=\"elementor-widget-container\">\n\t\t\t\t\t\t\t<div class=\"elementor-spacer\">\n\t\t\t<div class=\"elementor-spacer-inner\"><\/div>\n\t\t<\/div>\n\t\t\t\t\t\t<\/div>\n\t\t\t\t<\/div>\n\t\t<div class=\"elementor-element elementor-element-89fd749 e-con-full e-flex e-con e-child\" data-id=\"89fd749\" data-element_type=\"container\" data-e-type=\"container\" data-settings=\"{&quot;background_background&quot;:&quot;video&quot;,&quot;background_video_link&quot;:&quot;https:\\\/\\\/vimeo.com\\\/1068900989&quot;,&quot;background_play_on_mobile&quot;:&quot;yes&quot;}\">\n\t\t<div class=\"elementor-background-video-container\">\n\t\t\t\t\t\t\t<div class=\"elementor-background-video-embed\" role=\"presentation\"><\/div>\n\t\t\t\t\t\t<\/div>\t\t<\/div>\n\t\t\t\t<div class=\"elementor-element elementor-element-154627c elementor-widget elementor-widget-spacer\" data-id=\"154627c\" data-element_type=\"widget\" data-e-type=\"widget\" data-widget_type=\"spacer.default\">\n\t\t\t\t<div class=\"elementor-widget-container\">\n\t\t\t\t\t\t\t<div class=\"elementor-spacer\">\n\t\t\t<div class=\"elementor-spacer-inner\"><\/div>\n\t\t<\/div>\n\t\t\t\t\t\t<\/div>\n\t\t\t\t<\/div>\n\t\t\t\t\t<\/div>\n\t\t\t\t<\/div>\n\t\t<div class=\"elementor-element elementor-element-8904e61 e-flex e-con-boxed e-con e-parent\" data-id=\"8904e61\" data-element_type=\"container\" data-e-type=\"container\">\n\t\t\t\t\t<div class=\"e-con-inner\">\n\t\t<div class=\"elementor-element elementor-element-12912a1 e-con-full e-flex e-con e-child\" data-id=\"12912a1\" data-element_type=\"container\" data-e-type=\"container\">\n\t\t\t\t<div class=\"elementor-element elementor-element-1b52970 elementor-widget elementor-widget-text-editor\" data-id=\"1b52970\" data-element_type=\"widget\" data-e-type=\"widget\" data-widget_type=\"text-editor.default\">\n\t\t\t\t<div class=\"elementor-widget-container\">\n\t\t\t\t\t\t\t\t\t<h4>LA TOUR DE MONS<\/h4><h5><em>Since 1098<\/em><\/h5><p>The history of La Tour de Mons begins in 1098 with the creation of the seigneury of Soussans by William IX the Troubadour, Duke of Aquitaine, Count of Poitiers and Gascony.\u2028Since the beginning many generations have been involved on these lands. Amongst its illustrious owners was Pierre de Mons, who through his marriage acquired the property in 1623, gave it this name and devoted his life to the development of the vineyard. Pierre de Mons also bought the noble houses of Lab\u00e9gorce and Bessan and inherited the seigneury of Marsac thus becoming the first holder of the seven seigneuries which made up the domain of Soussans at its origin.   <\/p><p>History is repeated almost 400 years later when in 2020 Ch\u00e2teau La Tour de Mons was sold by Cr\u00e9dit Agricole Grands Crus to the Perrodo family already owner of Ch\u00e2teau Lab\u00e9gorce Margaux and Marquis d\u2019Alesme Becker. The Perrodo\u2019s love at first sight for the Margaux appellation places this unique family in the tradition of those who have loved this land over the centuries&#8230; The prestigious wine history of Ch\u00e2teau La Tour de Mons continues.  <\/p>\t\t\t\t\t\t\t\t<\/div>\n\t\t\t\t<\/div>\n\t\t\t\t<div class=\"elementor-element elementor-element-4fe7d88 elementor-widget elementor-widget-spacer\" data-id=\"4fe7d88\" data-element_type=\"widget\" data-e-type=\"widget\" data-widget_type=\"spacer.default\">\n\t\t\t\t<div class=\"elementor-widget-container\">\n\t\t\t\t\t\t\t<div class=\"elementor-spacer\">\n\t\t\t<div class=\"elementor-spacer-inner\"><\/div>\n\t\t<\/div>\n\t\t\t\t\t\t<\/div>\n\t\t\t\t<\/div>\n\t\t\t\t<\/div>\n\t\t<div class=\"elementor-element elementor-element-7298d84 e-con-full e-flex e-con e-child\" data-id=\"7298d84\" data-element_type=\"container\" data-e-type=\"container\">\n\t\t\t\t<div class=\"elementor-element elementor-element-9629c15 elementor-widget elementor-widget-image\" data-id=\"9629c15\" data-element_type=\"widget\" data-e-type=\"widget\" data-widget_type=\"image.default\">\n\t\t\t\t<div class=\"elementor-widget-container\">\n\t\t\t\t\t\t\t\t\t\t\t\t\t\t\t<img fetchpriority=\"high\" decoding=\"async\" width=\"690\" height=\"969\" src=\"https:\/\/domainesp.wine\/wp-content\/uploads\/2025\/03\/latourdemons02.webp\" class=\"attachment-large size-large wp-image-690\" alt=\"\" srcset=\"https:\/\/domainesp.wine\/wp-content\/uploads\/2025\/03\/latourdemons02.webp 690w, https:\/\/domainesp.wine\/wp-content\/uploads\/2025\/03\/latourdemons02-214x300.webp 214w\" sizes=\"(max-width: 690px) 100vw, 690px\" \/>\t\t\t\t\t\t\t\t\t\t\t\t\t\t\t<\/div>\n\t\t\t\t<\/div>\n\t\t\t\t<\/div>\n\t\t\t\t\t<\/div>\n\t\t\t\t<\/div>\n\t\t<div class=\"elementor-element elementor-element-5e19005 e-flex e-con-boxed e-con e-parent\" data-id=\"5e19005\" data-element_type=\"container\" data-e-type=\"container\">\n\t\t\t\t\t<div class=\"e-con-inner\">\n\t\t<div class=\"elementor-element elementor-element-0b03216 e-con-full e-flex e-con e-child\" data-id=\"0b03216\" data-element_type=\"container\" data-e-type=\"container\">\n\t\t\t\t<div class=\"elementor-element elementor-element-2b6bc6f elementor-widget elementor-widget-image\" data-id=\"2b6bc6f\" data-element_type=\"widget\" data-e-type=\"widget\" data-widget_type=\"image.default\">\n\t\t\t\t<div class=\"elementor-widget-container\">\n\t\t\t\t\t\t\t\t\t\t\t\t\t\t\t<img decoding=\"async\" width=\"686\" height=\"969\" src=\"https:\/\/domainesp.wine\/wp-content\/uploads\/2025\/03\/latourdemons03.webp\" class=\"attachment-large size-large wp-image-689\" alt=\"\" srcset=\"https:\/\/domainesp.wine\/wp-content\/uploads\/2025\/03\/latourdemons03.webp 686w, https:\/\/domainesp.wine\/wp-content\/uploads\/2025\/03\/latourdemons03-212x300.webp 212w\" sizes=\"(max-width: 686px) 100vw, 686px\" \/>\t\t\t\t\t\t\t\t\t\t\t\t\t\t\t<\/div>\n\t\t\t\t<\/div>\n\t\t\t\t<\/div>\n\t\t<div class=\"elementor-element elementor-element-25e3fe0 e-con-full e-flex e-con e-child\" data-id=\"25e3fe0\" data-element_type=\"container\" data-e-type=\"container\">\n\t\t\t\t<div class=\"elementor-element elementor-element-1193aa3 elementor-widget elementor-widget-text-editor\" data-id=\"1193aa3\" data-element_type=\"widget\" data-e-type=\"widget\" data-widget_type=\"text-editor.default\">\n\t\t\t\t<div class=\"elementor-widget-container\">\n\t\t\t\t\t\t\t\t\t<h4>La Tour de Mons in a few words&#8230;<\/h4><p><strong>Almost 1,000 years of history<br><\/strong>This estate has shared the history of the Aquitaine region for almost a thousand years. On this enchanting land you will find the ruins of a castle (15th and 19th centuries), a chapel, and an oratory dedicated to the Virgin Mary in the middle of the vineyards. <\/p><p><strong>A protected enclosure<br><\/strong>The strength of La Tour de Mons is the dense woodland forming a natural enclosure completely surrounding the vineyards. \u2028A magical, romantic, beautifully preserved enclosure that is a true reservoir of biodiversity. <\/p><p><strong>Pure Margaux<br><\/strong>Thanks to its terroir of fine Tertiary limestone, graves garonnaises and above all fine clay, which is a major asset able to respond to the whims of the future climate, La Tour de Mons wines, mostly Merlots, are enticing with a smooth and soft touch.<\/p>\t\t\t\t\t\t\t\t<\/div>\n\t\t\t\t<\/div>\n\t\t\t\t<\/div>\n\t\t\t\t\t<\/div>\n\t\t\t\t<\/div>\n\t\t<div class=\"elementor-element elementor-element-b9d79c0 e-flex e-con-boxed e-con e-parent\" data-id=\"b9d79c0\" data-element_type=\"container\" data-e-type=\"container\">\n\t\t\t\t\t<div class=\"e-con-inner\">\n\t\t\t\t<div class=\"elementor-element elementor-element-a984fd7 elementor-widget elementor-widget-spacer\" data-id=\"a984fd7\" data-element_type=\"widget\" data-e-type=\"widget\" data-widget_type=\"spacer.default\">\n\t\t\t\t<div class=\"elementor-widget-container\">\n\t\t\t\t\t\t\t<div class=\"elementor-spacer\">\n\t\t\t<div class=\"elementor-spacer-inner\"><\/div>\n\t\t<\/div>\n\t\t\t\t\t\t<\/div>\n\t\t\t\t<\/div>\n\t\t\t\t<div class=\"elementor-element elementor-element-b49b294 elementor-widget__width-initial elementor-widget elementor-widget-image\" data-id=\"b49b294\" data-element_type=\"widget\" data-e-type=\"widget\" data-widget_type=\"image.default\">\n\t\t\t\t<div class=\"elementor-widget-container\">\n\t\t\t\t\t\t\t\t\t\t\t\t\t\t\t<img decoding=\"async\" width=\"140\" height=\"140\" src=\"https:\/\/domainesp.wine\/wp-content\/uploads\/2025\/03\/capsule-latourdemons.png\" class=\"attachment-thumbnail size-thumbnail wp-image-682\" alt=\"\" \/>\t\t\t\t\t\t\t\t\t\t\t\t\t\t\t<\/div>\n\t\t\t\t<\/div>\n\t\t\t\t<div class=\"elementor-element elementor-element-e04f95f elementor-align-center elementor-widget elementor-widget-button\" data-id=\"e04f95f\" data-element_type=\"widget\" data-e-type=\"widget\" data-widget_type=\"button.default\">\n\t\t\t\t<div class=\"elementor-widget-container\">\n\t\t\t\t\t\t\t\t\t<div class=\"elementor-button-wrapper\">\n\t\t\t\t\t<a class=\"elementor-button elementor-button-link elementor-size-sm\" href=\"https:\/\/www.chateau-latourdemons.fr\/\" target=\"_blank\">\n\t\t\t\t\t\t<span class=\"elementor-button-content-wrapper\">\n\t\t\t\t\t\t\t\t\t<span class=\"elementor-button-text\">Visit website<\/span>\n\t\t\t\t\t<\/span>\n\t\t\t\t\t<\/a>\n\t\t\t\t<\/div>\n\t\t\t\t\t\t\t\t<\/div>\n\t\t\t\t<\/div>\n\t\t\t\t\t<\/div>\n\t\t\t\t<\/div>\n\t\t\t\t<\/div>\n\t\t","protected":false},"excerpt":{"rendered":"<p>Ch\u00e2teau LA Tour de Mons Margaux LA TOUR DE MONS Since 1098 The history of La Tour de Mons begins in 1098 with the creation of the seigneury of Soussans by William IX the Troubadour, Duke of Aquitaine, Count of Poitiers and Gascony.\u2028Since the beginning many generations have been involved on these lands. Amongst its [&hellip;]<\/p>\n","protected":false},"author":1,"featured_media":0,"parent":0,"menu_order":0,"comment_status":"closed","ping_status":"closed","template":"elementor_header_footer","meta":{"footnotes":""},"class_list":["post-756","page","type-page","status-publish","hentry"],"_links":{"self":[{"href":"https:\/\/domainesp.wine\/en\/wp-json\/wp\/v2\/pages\/756","targetHints":{"allow":["GET"]}}],"collection":[{"href":"https:\/\/domainesp.wine\/en\/wp-json\/wp\/v2\/pages"}],"about":[{"href":"https:\/\/domainesp.wine\/en\/wp-json\/wp\/v2\/types\/page"}],"author":[{"embeddable":true,"href":"https:\/\/domainesp.wine\/en\/wp-json\/wp\/v2\/users\/1"}],"replies":[{"embeddable":true,"href":"https:\/\/domainesp.wine\/en\/wp-json\/wp\/v2\/comments?post=756"}],"version-history":[{"count":1,"href":"https:\/\/domainesp.wine\/en\/wp-json\/wp\/v2\/pages\/756\/revisions"}],"predecessor-version":[{"id":757,"href":"https:\/\/domainesp.wine\/en\/wp-json\/wp\/v2\/pages\/756\/revisions\/757"}],"wp:attachment":[{"href":"https:\/\/domainesp.wine\/en\/wp-json\/wp\/v2\/media?parent=756"}],"curies":[{"name":"wp","href":"https:\/\/api.w.org\/{rel}","templated":true}]}}