{"id":763,"date":"2025-03-20T21:08:35","date_gmt":"2025-03-20T20:08:35","guid":{"rendered":"https:\/\/domainesp.wine\/domaine-guirardel\/"},"modified":"2025-04-01T09:47:51","modified_gmt":"2025-04-01T07:47:51","slug":"domaine-guirardel","status":"publish","type":"page","link":"https:\/\/domainesp.wine\/en\/domaine-guirardel\/","title":{"rendered":"Domaine Guirardel"},"content":{"rendered":"\t\t<div data-elementor-type=\"wp-page\" data-elementor-id=\"763\" class=\"elementor elementor-763 elementor-427\">\n\t\t\t\t<div class=\"elementor-element elementor-element-2582d8c e-flex e-con-boxed e-con e-parent\" data-id=\"2582d8c\" data-element_type=\"container\" data-e-type=\"container\" data-settings=\"{&quot;background_background&quot;:&quot;classic&quot;}\">\n\t\t\t\t\t<div class=\"e-con-inner\">\n\t\t\t\t\t<\/div>\n\t\t\t\t<\/div>\n\t\t<div class=\"elementor-element elementor-element-c2a39a3 e-flex e-con-boxed e-con e-parent\" data-id=\"c2a39a3\" data-element_type=\"container\" data-e-type=\"container\">\n\t\t\t\t\t<div class=\"e-con-inner\">\n\t\t\t\t<div class=\"elementor-element elementor-element-acc9cf2 elementor-widget elementor-widget-spacer\" data-id=\"acc9cf2\" data-element_type=\"widget\" data-e-type=\"widget\" data-widget_type=\"spacer.default\">\n\t\t\t\t<div class=\"elementor-widget-container\">\n\t\t\t\t\t\t\t<div class=\"elementor-spacer\">\n\t\t\t<div class=\"elementor-spacer-inner\"><\/div>\n\t\t<\/div>\n\t\t\t\t\t\t<\/div>\n\t\t\t\t<\/div>\n\t\t\t\t<div class=\"elementor-element elementor-element-365e3cb bordure elementor-widget elementor-widget-heading\" data-id=\"365e3cb\" data-element_type=\"widget\" data-e-type=\"widget\" data-widget_type=\"heading.default\">\n\t\t\t\t<div class=\"elementor-widget-container\">\n\t\t\t\t\t<h1 class=\"elementor-heading-title elementor-size-default\">Domaine Guirardel<\/h1>\t\t\t\t<\/div>\n\t\t\t\t<\/div>\n\t\t\t\t<div class=\"elementor-element elementor-element-e70606f elementor-widget elementor-widget-heading\" data-id=\"e70606f\" data-element_type=\"widget\" data-e-type=\"widget\" data-widget_type=\"heading.default\">\n\t\t\t\t<div class=\"elementor-widget-container\">\n\t\t\t\t\t<h2 class=\"elementor-heading-title elementor-size-default\">Great Dry White Wine<br>Pi\u00e9mont Pyr\u00e9n\u00e9en<\/h2>\t\t\t\t<\/div>\n\t\t\t\t<\/div>\n\t\t\t\t<div class=\"elementor-element elementor-element-4f37433 elementor-widget elementor-widget-spacer\" data-id=\"4f37433\" data-element_type=\"widget\" data-e-type=\"widget\" data-widget_type=\"spacer.default\">\n\t\t\t\t<div class=\"elementor-widget-container\">\n\t\t\t\t\t\t\t<div class=\"elementor-spacer\">\n\t\t\t<div class=\"elementor-spacer-inner\"><\/div>\n\t\t<\/div>\n\t\t\t\t\t\t<\/div>\n\t\t\t\t<\/div>\n\t\t<div class=\"elementor-element elementor-element-a47953a e-con-full e-flex e-con e-child\" data-id=\"a47953a\" data-element_type=\"container\" data-e-type=\"container\" data-settings=\"{&quot;background_background&quot;:&quot;video&quot;,&quot;background_video_link&quot;:&quot;https:\\\/\\\/vimeo.com\\\/1068897037&quot;,&quot;background_play_on_mobile&quot;:&quot;yes&quot;}\">\n\t\t<div class=\"elementor-background-video-container\">\n\t\t\t\t\t\t\t<div class=\"elementor-background-video-embed\" role=\"presentation\"><\/div>\n\t\t\t\t\t\t<\/div>\t\t<\/div>\n\t\t\t\t<div class=\"elementor-element elementor-element-e2432d4 elementor-widget elementor-widget-spacer\" data-id=\"e2432d4\" data-element_type=\"widget\" data-e-type=\"widget\" data-widget_type=\"spacer.default\">\n\t\t\t\t<div class=\"elementor-widget-container\">\n\t\t\t\t\t\t\t<div class=\"elementor-spacer\">\n\t\t\t<div class=\"elementor-spacer-inner\"><\/div>\n\t\t<\/div>\n\t\t\t\t\t\t<\/div>\n\t\t\t\t<\/div>\n\t\t\t\t\t<\/div>\n\t\t\t\t<\/div>\n\t\t<div class=\"elementor-element elementor-element-243566b e-flex e-con-boxed e-con e-parent\" data-id=\"243566b\" data-element_type=\"container\" data-e-type=\"container\">\n\t\t\t\t\t<div class=\"e-con-inner\">\n\t\t<div class=\"elementor-element elementor-element-9e0ca04 e-con-full e-flex e-con e-child\" data-id=\"9e0ca04\" data-element_type=\"container\" data-e-type=\"container\">\n\t\t\t\t<div class=\"elementor-element elementor-element-2d9f512 elementor-widget elementor-widget-text-editor\" data-id=\"2d9f512\" data-element_type=\"widget\" data-e-type=\"widget\" data-widget_type=\"text-editor.default\">\n\t\t\t\t<div class=\"elementor-widget-container\">\n\t\t\t\t\t\t\t\t\t<p>In the heart of the Bearn region lies a secret terroir.\u2028An amphitheatre of vines, suspended between heaven and earth on the road to Santiago de Compostella. \u2028A wine whose exceptional aromatic tension celebrates the nature that surrounds it. <\/p>\t\t\t\t\t\t\t\t<\/div>\n\t\t\t\t<\/div>\n\t\t\t\t<div class=\"elementor-element elementor-element-b28bdc0 elementor-widget elementor-widget-spacer\" data-id=\"b28bdc0\" data-element_type=\"widget\" data-e-type=\"widget\" data-widget_type=\"spacer.default\">\n\t\t\t\t<div class=\"elementor-widget-container\">\n\t\t\t\t\t\t\t<div class=\"elementor-spacer\">\n\t\t\t<div class=\"elementor-spacer-inner\"><\/div>\n\t\t<\/div>\n\t\t\t\t\t\t<\/div>\n\t\t\t\t<\/div>\n\t\t\t\t<\/div>\n\t\t<div class=\"elementor-element elementor-element-4ccfe5a e-con-full e-flex e-con e-child\" data-id=\"4ccfe5a\" data-element_type=\"container\" data-e-type=\"container\">\n\t\t\t\t<div class=\"elementor-element elementor-element-bd020c8 elementor-widget elementor-widget-image\" data-id=\"bd020c8\" data-element_type=\"widget\" data-e-type=\"widget\" data-widget_type=\"image.default\">\n\t\t\t\t<div class=\"elementor-widget-container\">\n\t\t\t\t\t\t\t\t\t\t\t\t\t\t\t<img fetchpriority=\"high\" decoding=\"async\" width=\"460\" height=\"646\" src=\"https:\/\/domainesp.wine\/wp-content\/uploads\/2025\/03\/guirardel2.webp\" class=\"attachment-large size-large wp-image-700\" alt=\"\" srcset=\"https:\/\/domainesp.wine\/wp-content\/uploads\/2025\/03\/guirardel2.webp 460w, https:\/\/domainesp.wine\/wp-content\/uploads\/2025\/03\/guirardel2-214x300.webp 214w\" sizes=\"(max-width: 460px) 100vw, 460px\" \/>\t\t\t\t\t\t\t\t\t\t\t\t\t\t\t<\/div>\n\t\t\t\t<\/div>\n\t\t\t\t<\/div>\n\t\t\t\t\t<\/div>\n\t\t\t\t<\/div>\n\t\t<div class=\"elementor-element elementor-element-d195305 e-flex e-con-boxed e-con e-parent\" data-id=\"d195305\" data-element_type=\"container\" data-e-type=\"container\">\n\t\t\t\t\t<div class=\"e-con-inner\">\n\t\t<div class=\"elementor-element elementor-element-20e1af6 e-con-full e-flex e-con e-child\" data-id=\"20e1af6\" data-element_type=\"container\" data-e-type=\"container\">\n\t\t\t\t<div class=\"elementor-element elementor-element-336ea58 elementor-widget elementor-widget-image\" data-id=\"336ea58\" data-element_type=\"widget\" data-e-type=\"widget\" data-widget_type=\"image.default\">\n\t\t\t\t<div class=\"elementor-widget-container\">\n\t\t\t\t\t\t\t\t\t\t\t\t\t\t\t<img decoding=\"async\" width=\"460\" height=\"646\" src=\"https:\/\/domainesp.wine\/wp-content\/uploads\/2025\/03\/guirardel3.webp\" class=\"attachment-large size-large wp-image-701\" alt=\"\" srcset=\"https:\/\/domainesp.wine\/wp-content\/uploads\/2025\/03\/guirardel3.webp 460w, https:\/\/domainesp.wine\/wp-content\/uploads\/2025\/03\/guirardel3-214x300.webp 214w\" sizes=\"(max-width: 460px) 100vw, 460px\" \/>\t\t\t\t\t\t\t\t\t\t\t\t\t\t\t<\/div>\n\t\t\t\t<\/div>\n\t\t\t\t<\/div>\n\t\t<div class=\"elementor-element elementor-element-38734e5 e-con-full e-flex e-con e-child\" data-id=\"38734e5\" data-element_type=\"container\" data-e-type=\"container\">\n\t\t\t\t<div class=\"elementor-element elementor-element-1c4e5c2 elementor-widget elementor-widget-text-editor\" data-id=\"1c4e5c2\" data-element_type=\"widget\" data-e-type=\"widget\" data-widget_type=\"text-editor.default\">\n\t\t\t\t<div class=\"elementor-widget-container\">\n\t\t\t\t\t\t\t\t\t<h4>Guirardel in a few words&#8230;<\/h4><p>Le vignoble de Guirardel est un vignoble de montagne implant\u00e9 dans un paysage de coteaux.\u2028Un amphith\u00e9\u00e2tre de vignes bord\u00e9 de bois, o\u00f9 les ch\u00eanes centenaires se m\u00ealent aux pins, o\u00f9 vignes et fruitiers se r\u00e9pondent et cohabitent en parfaite harmonie.<\/p><p>But its secret lies hidden from the light: the soil and subsoil are the result of a very strong geology, uplifted, folded and reworked during the formation of the Pyrenees.\u2028Here the vines rest on a powerful clay soil, covered with rolled pebbles carried by torrents and glaciers and, at depht, Juran\u00e7on poudingues, a kind of conglomerate of pebbles and siliceous gravel interspersed with sandstone, marl and clay.<\/p><p>Here, terroir and climate come together perfectly to produce great white wines of prodigious light and energy, depth and mineral vibrancy.<\/p>\t\t\t\t\t\t\t\t<\/div>\n\t\t\t\t<\/div>\n\t\t\t\t<\/div>\n\t\t\t\t\t<\/div>\n\t\t\t\t<\/div>\n\t\t<div class=\"elementor-element elementor-element-200ad01 e-flex e-con-boxed e-con e-parent\" data-id=\"200ad01\" data-element_type=\"container\" data-e-type=\"container\">\n\t\t\t\t\t<div class=\"e-con-inner\">\n\t\t\t\t<div class=\"elementor-element elementor-element-df9b852 elementor-widget elementor-widget-spacer\" data-id=\"df9b852\" data-element_type=\"widget\" data-e-type=\"widget\" data-widget_type=\"spacer.default\">\n\t\t\t\t<div class=\"elementor-widget-container\">\n\t\t\t\t\t\t\t<div class=\"elementor-spacer\">\n\t\t\t<div class=\"elementor-spacer-inner\"><\/div>\n\t\t<\/div>\n\t\t\t\t\t\t<\/div>\n\t\t\t\t<\/div>\n\t\t\t\t<div class=\"elementor-element elementor-element-f3cfb21 elementor-widget__width-initial elementor-widget elementor-widget-image\" data-id=\"f3cfb21\" data-element_type=\"widget\" data-e-type=\"widget\" data-widget_type=\"image.default\">\n\t\t\t\t<div class=\"elementor-widget-container\">\n\t\t\t\t\t\t\t\t\t\t\t\t\t\t\t<img decoding=\"async\" width=\"197\" height=\"200\" src=\"https:\/\/domainesp.wine\/wp-content\/uploads\/2025\/03\/guirardel_logo.webp\" class=\"attachment-large size-large wp-image-741\" alt=\"\" \/>\t\t\t\t\t\t\t\t\t\t\t\t\t\t\t<\/div>\n\t\t\t\t<\/div>\n\t\t\t\t<div class=\"elementor-element elementor-element-ae93e90 elementor-align-center elementor-widget elementor-widget-button\" data-id=\"ae93e90\" data-element_type=\"widget\" data-e-type=\"widget\" data-widget_type=\"button.default\">\n\t\t\t\t<div class=\"elementor-widget-container\">\n\t\t\t\t\t\t\t\t\t<div class=\"elementor-button-wrapper\">\n\t\t\t\t\t<a class=\"elementor-button elementor-button-link elementor-size-sm\" href=\"https:\/\/guirardel.wine\/\" target=\"_blank\">\n\t\t\t\t\t\t<span class=\"elementor-button-content-wrapper\">\n\t\t\t\t\t\t\t\t\t<span class=\"elementor-button-text\">Visit the website<\/span>\n\t\t\t\t\t<\/span>\n\t\t\t\t\t<\/a>\n\t\t\t\t<\/div>\n\t\t\t\t\t\t\t\t<\/div>\n\t\t\t\t<\/div>\n\t\t\t\t\t<\/div>\n\t\t\t\t<\/div>\n\t\t\t\t<\/div>\n\t\t","protected":false},"excerpt":{"rendered":"<p>Domaine Guirardel Great Dry White WinePi\u00e9mont Pyr\u00e9n\u00e9en In the heart of the Bearn region lies a secret terroir.\u2028An amphitheatre of vines, suspended between heaven and earth on the road to Santiago de Compostella. \u2028A wine whose exceptional aromatic tension celebrates the nature that surrounds it. Guirardel in a few words&#8230; Le vignoble de Guirardel est [&hellip;]<\/p>\n","protected":false},"author":1,"featured_media":0,"parent":0,"menu_order":0,"comment_status":"closed","ping_status":"closed","template":"elementor_header_footer","meta":{"footnotes":""},"class_list":["post-763","page","type-page","status-publish","hentry"],"_links":{"self":[{"href":"https:\/\/domainesp.wine\/en\/wp-json\/wp\/v2\/pages\/763","targetHints":{"allow":["GET"]}}],"collection":[{"href":"https:\/\/domainesp.wine\/en\/wp-json\/wp\/v2\/pages"}],"about":[{"href":"https:\/\/domainesp.wine\/en\/wp-json\/wp\/v2\/types\/page"}],"author":[{"embeddable":true,"href":"https:\/\/domainesp.wine\/en\/wp-json\/wp\/v2\/users\/1"}],"replies":[{"embeddable":true,"href":"https:\/\/domainesp.wine\/en\/wp-json\/wp\/v2\/comments?post=763"}],"version-history":[{"count":2,"href":"https:\/\/domainesp.wine\/en\/wp-json\/wp\/v2\/pages\/763\/revisions"}],"predecessor-version":[{"id":790,"href":"https:\/\/domainesp.wine\/en\/wp-json\/wp\/v2\/pages\/763\/revisions\/790"}],"wp:attachment":[{"href":"https:\/\/domainesp.wine\/en\/wp-json\/wp\/v2\/media?parent=763"}],"curies":[{"name":"wp","href":"https:\/\/api.w.org\/{rel}","templated":true}]}}